{"id":2392,"date":"2015-12-07T22:24:52","date_gmt":"2015-12-07T21:24:52","guid":{"rendered":"http:\/\/export-xml.qreativethemes.com\/physio\/?page_id=2392"},"modified":"2024-11-12T14:12:00","modified_gmt":"2024-11-12T13:12:00","slug":"liens-et-references","status":"publish","type":"page","link":"https:\/\/emmanuellegrama.fr\/index.php\/home\/liens-et-references\/","title":{"rendered":"Liens et R\u00e9f\u00e9rences"},"content":{"rendered":"<div id=\"pl-2392\"  class=\"panel-layout\" ><div id=\"pg-2392-0\"  class=\"panel-grid panel-no-style\" ><div id=\"pgc-2392-0-0\"  class=\"panel-grid-cell\" ><div id=\"panel-2392-0-0-0\" class=\"so-panel widget widget_sow-editor panel-first-child\" data-index=\"0\" ><div\n\t\t\t\n\t\t\tclass=\"so-widget-sow-editor so-widget-sow-editor-base\"\n\t\t\t\n\t\t>\n<div class=\"siteorigin-widget-tinymce textwidget\">\n\t<\/div>\n<\/div><\/div><div id=\"panel-2392-0-0-1\" class=\"so-panel widget widget_sow-editor panel-last-child\" data-index=\"1\" ><div\n\t\t\t\n\t\t\tclass=\"so-widget-sow-editor so-widget-sow-editor-base\"\n\t\t\t\n\t\t>\n<div class=\"siteorigin-widget-tinymce textwidget\">\n\t<p><span style=\"font-family: Raleway;\"><div class=\"panel-group\" id=\"accordion-0\" data-panel=\"accordion-0\"><br \/>\n<div class=\"panel\"><div class=\"panel-heading\"><h3 class=\"panel-title\"><a class=\"accordion-toggle\" data-toggle=\"collapse\" data-parent=\"#accordion-0\" href=\"#collapse_0\" aria-expanded=\"true\">Quelques livres de r\u00e9f\u00e9rences<\/a><\/h3><\/div><div id=\"collapse_0\" class=\"panel-collapse collapse in\"><div class=\"panel-body\"><\/span><\/p>\n<p>*********<\/p>\n<p><span style=\"color: #008080;\"><strong>Sur les m\u00e9canismes du trauma et les processus de gu\u00e9rison<\/strong><\/span><\/p>\n<p><strong><span style=\"font-family: Raleway;\">Le corps n'oublie rien de Bessel Von der Kolk<\/span><\/strong><\/p>\n<p><strong><span style=\"font-family: Raleway;\">R\u00e9veiller le Tigre de Peter A Levine<\/span><\/strong><\/p>\n<p><strong><span style=\"font-family: Raleway;\">Notre corps ne ment jamais de Alice Miller <\/span><\/strong><\/p>\n<p>*********<\/p>\n<p><strong><span style=\"color: #008080;\"> Sur le processus th\u00e9rapeutique<\/span><br \/>\n<\/strong><\/p>\n<p><strong>La fin de la plainte de Fran\u00e7ois Roustang<\/strong><\/p>\n<p>&nbsp;<\/p>\n<p><span style=\"font-family: Raleway;\"> <\/div><\/div><\/div><\/span><\/p>\n<p><span style=\"font-family: Raleway;\"><div class=\"panel\"><div class=\"panel-heading\"><h3 class=\"panel-title\"><a class=\"accordion-toggle\" data-toggle=\"collapse\" data-parent=\"#accordion-0\" href=\"#collapse_1\" >Somatoth\u00e9rapeutes en m\u00e9thode Camilli <\/a><\/h3><\/div><div id=\"collapse_1\" class=\"panel-collapse collapse \"><div class=\"panel-body\"><\/span><\/p>\n<p><strong><span style=\"color: #000080;\"><span style=\"font-family: Raleway;\"><span style=\"font-size: large;\">Les somatoth\u00e9rapeutes rencontr\u00e9s en formation<\/span><\/span><\/span><\/strong><\/p>\n<p>*********<\/p>\n<p><strong><span style=\"font-family: Raleway;\">ANNE-LAURE DREVET<\/span><\/strong><span style=\"font-family: Raleway;\"> \/ <\/span><strong><span style=\"font-family: Raleway;\">Somatoth\u00e9rapeute, adulte, adolescent, enfants<br \/>\n<\/span><\/strong><span style=\"font-family: Raleway;\">3 rue Curie 95830 Cormeilles en Vexin<\/span><\/p>\n<p><strong><span style=\"font-family: Raleway;\">T\u00e9l :<\/span><\/strong><span style=\"font-family: Raleway;\">\u00a006 83 24 45 83<br \/>\n<\/span><strong><span style=\"font-family: Raleway;\">Mail : <\/span><\/strong><a href=\"mailto:aldrevet@free.fr\"><span style=\"font-family: Raleway;\">aldrevet@free.fr<\/span><\/a><\/p>\n<p>*********<\/p>\n<p><strong><span style=\"font-family: Raleway;\">ALIX DE LA BROSSE<\/span><\/strong><span style=\"font-family: Raleway;\">\/ <\/span><strong><span style=\"font-family: Raleway;\">Somatoth\u00e9rapeute, adulte, adolescent, enfant<\/span><\/strong><\/p>\n<p><span style=\"font-family: Raleway;\">28, rue Alexandre Guilmant 92190 Meudon<br \/>\n<\/span><strong><span style=\"font-family: Raleway;\">T\u00e9l :<\/span><\/strong><span style=\"font-family: Raleway;\">\u00a001 45 34 48 63<br \/>\n<\/span><strong><span style=\"font-family: Raleway;\">Mail :<\/span><\/strong><span style=\"font-family: Raleway;\">\u00a0<a href=\"mailto:alixdelabrosse@gmail.com\">alixdelabrosse@gmail.com<\/a><\/span><\/p>\n<p><a href=\"http:\/\/www.alixdelabrosse.fr\/\"><span style=\"font-family: Raleway;\">alixdelabrosse.fr<\/span><\/a><\/p>\n<p>*********<\/p>\n<p><strong><span style=\"font-family: Raleway;\">LAURENCE JEAN<\/span><\/strong><span style=\"font-family: Raleway;\"> \/ <\/span><strong><span style=\"font-family: Raleway;\">Somatoth\u00e9rapeute, adulte, adolescent, enfant<br \/>\nAdresse :\u00a0<\/span><\/strong><span style=\"font-family: Raleway;\">81 parc du Manoir 60270 Gouvieux<\/span><\/p>\n<p><strong><span style=\"font-family: Raleway;\">T\u00e9l :<\/span><\/strong><span style=\"font-family: Raleway;\">\u00a006 04 04 96 16<br \/>\n<\/span><strong><span style=\"font-family: Raleway;\">Mail :<\/span><\/strong><a href=\"mailto:laurence.jean@dbmail.com\"><span style=\"font-family: Raleway;\"> laurence.jean@dbmail.com<\/span><\/a><\/p>\n<p>*********<\/p>\n<p><strong><span style=\"font-family: Raleway;\">OLIVIER MONTMAGNON<\/span><\/strong><span style=\"font-family: Raleway;\"> \/ <\/span><strong><span style=\"font-family: Raleway;\">Somatoth\u00e9rapeute<\/span><\/strong><\/p>\n<p><span style=\"font-family: Raleway;\">41 rue du \u00a0Bon Pasteur 61001 Lyon<\/span><\/p>\n<p><strong><span style=\"font-family: Raleway;\">T\u00e9l :<\/span><\/strong><span style=\"font-family: Raleway;\">\u00a006 24 65 82 07<br \/>\n<\/span><strong><span style=\"font-family: Raleway;\">Mail :<\/span><\/strong><a href=\"mailto:olivier.montmagnon@gmail.com\"><span style=\"font-family: Raleway;\"> olivier.montmagnon@gmail.com<\/span><\/a><\/p>\n<p><a href=\"http:\/\/www.acoeurdepeau.fr\/\"><span style=\"font-family: Raleway;\">acoeurdepeau.fr<\/span><\/a><\/p>\n<p><span style=\"color: #1a0a53;\"><span style=\"font-family: Raleway;\"><span lang=\"fr-FR\"><br \/>\n<\/span><\/span><\/span><strong><span style=\"color: #808080;\"><span style=\"font-family: Raleway;\"><span lang=\"fr-FR\">Et tous ceux que vous trouverez sur le site de l\u2019Institut Camilli :<\/span><\/span><\/span><\/strong> <a href=\"https:\/\/institutcamilli.fr\/\" target=\"_blank\" rel=\"noopener\"><span style=\"color: #1a0a53;\"><span style=\"font-family: Raleway;\">institutcamillifr<\/span><\/span><\/a><\/p>\n<p><span style=\"font-family: Raleway;\"><div class=\"panel\"><div class=\"panel-heading\"><h3 class=\"panel-title\"><a class=\"accordion-toggle\" data-toggle=\"collapse\" data-parent=\"#accordion-0\" href=\"#collapse_2\" >Autres th\u00e9rapeutes avec qui je collabore r\u00e9guli\u00e8rement \u00e0 Paris et en Dordogne<\/a><\/h3><\/div><div id=\"collapse_2\" class=\"panel-collapse collapse \"><div class=\"panel-body\"> <\/div><\/div><\/div><\/span><\/p>\n<p>*********<\/p>\n<p><strong><span style=\"font-family: Raleway;\">H\u00c9L\u00c8NE HANSSEN \/Ost\u00e9opathe<\/span><\/strong><\/p>\n<div>60bis Cours St George 24660 P\u00e9rigueux-ND de Sanilhac<\/div>\n<div><strong><span style=\"font-family: Raleway;\">T\u00e9l :<\/span><\/strong><span style=\"font-family: Raleway;\"> 0553801128<br \/>\n<\/span><\/div>\n<p><a href=\"https:\/\/www.h2osteo.com\/\"><span style=\"font-family: Raleway;\">www.h2osteo.com<\/span><\/a><\/p>\n<p>*********<\/p>\n<p><strong><span style=\"font-family: Raleway;\">PATRICIA LABIANO \/ M\u00e9decine traditionnelle chinoise\u00a0<\/span><\/strong><\/p>\n<p><span style=\"font-family: Raleway;\">112-114, rue Saint-Maur, 75011 Paris<\/span><\/p>\n<p><strong><span style=\"font-family: Raleway;\">T\u00e9l :<\/span><\/strong><span style=\"font-family: Raleway;\">\u00a006 81 52 17 61<br \/>\n<\/span><strong><span style=\"font-family: Raleway;\">Mail :<\/span><\/strong><a href=\"mailto:patricia.labiano@gmail.com\"><span style=\"font-family: Raleway;\"> patricia.labiano@gmail.com<\/span><\/a><\/p>\n<p><a href=\"https:\/\/patricialabiano.wordpress.com\/\"><span style=\"font-family: Raleway;\">patricialabiano.wordpress.com<\/span><\/a><\/p>\n<p>*********<\/p>\n<p><strong>EMILIE MANOLIOS \/\u00a0 Psychologue<\/strong><\/p>\n<p><strong>T\u00e9l :<\/strong> <span class=\"nb-phone\"><span class=\"coord-numero noTrad\">06 37 74 87 72<\/span><\/span><br \/>\n<strong>Mail :<\/strong><a href=\"mailto:emilie.manolios@gmail.com\"> emilie.manolios@gmail.com<\/a><\/p>\n<p>********<\/p>\n<p><strong>Delphine Bizart, Psychopraticienne et relation d'aide<br \/>\n<\/strong><\/p>\n<p>avenue Belgrand 75020 Paris<\/p>\n<p>06 12 80 39 65<\/p>\n<p>*********<\/p>\n<p><strong>Aur\u00e9lie Ingrand, Sophrologue, Relation d'aide<\/strong><\/p>\n<p><span style=\"font-family: Raleway;\">6, rue de la Folie M\u00e9ricourt 75011 Paris<\/span><\/p>\n<p><a href=\"http:\/\/aurelieingrand.fr\/\"><span style=\"font-family: Raleway;\">http:\/\/aurelieingrand.fr<\/span><\/a><\/p>\n<p>*********<\/p>\n<p><strong><span style=\"font-family: Raleway;\">Isabelle Bruston \/ Gestalt th\u00e9rapie <\/span><\/strong><\/p>\n<p><span style=\"font-family: Raleway;\">Centre Eukolia. 24, rue de la Chine 75020 Paris<br \/>\n<\/span><\/p>\n<p><strong><span style=\"font-family: Raleway;\">T\u00e9l :<\/span><\/strong><span style=\"font-family: Raleway;\">\u00a006 11 47 08 10<br \/>\n<\/span><strong><span style=\"font-family: Raleway;\">Mail :<\/span><\/strong><a href=\"mailto:isabelle.bruston@free.fr\"><span style=\"font-family: Raleway;\"> isabelle.bruston@free.fr<\/span><\/a><\/p>\n<p><a href=\"https:\/\/www.centreukolia.com\/l-%C3%A9quipe\/isabelle-bruston\/\"><span style=\"font-family: Raleway;\">https:\/\/www.centreukolia.com\/l-%C3%A9quipe\/isabelle-bruston\/<\/span><\/a><\/p>\n<p><span style=\"font-family: Raleway;\">*********<\/span><\/p>\n<p><span style=\"font-family: Raleway;\"> <\/div><\/div><\/div><\/span><\/p>\n<p><span style=\"font-family: Raleway;\"><div class=\"panel\"><div class=\"panel-heading\"><h3 class=\"panel-title\"><a class=\"accordion-toggle\" data-toggle=\"collapse\" data-parent=\"#accordion-0\" href=\"#collapse_3\" ><\/a><\/h3><\/div><div id=\"collapse_3\" class=\"panel-collapse collapse \"><div class=\"panel-body\"><\/span><\/p>\n<p><strong><span style=\"font-family: Raleway;\">*********<\/span><\/strong><\/p>\n<p><strong><span style=\"color: #808080;\"><span style=\"font-family: Raleway;\"><span lang=\"fr-FR\">Tous ceux que vous trouverez sur le site de l\u2019Institut Camilli :<\/span><\/span><\/span><\/strong> <a href=\"http:\/\/www.massagesensitif.tm.fr\/\" target=\"_blank\" rel=\"noopener\"><span style=\"color: #1a0a53;\"><span style=\"font-family: Raleway;\">www.massagesensitif.tm.fr<\/span><\/span><\/a><\/p>\n<p><span style=\"font-family: Raleway;\"> <\/div><\/div><\/div><\/span><\/p>\n<p><span style=\"font-family: Raleway;\"><div class=\"panel\"><div class=\"panel-heading\"><h3 class=\"panel-title\"><a class=\"accordion-toggle\" data-toggle=\"collapse\" data-parent=\"#accordion-0\" href=\"#collapse_4\" >Formations en massage et en somatoth\u00e9rapie <\/a><\/h3><\/div><div id=\"collapse_4\" class=\"panel-collapse collapse \"><div class=\"panel-body\"><\/span><\/p>\n<p><strong><span style=\"font-family: Raleway;\">Institut Camilli\u00a0<\/span><\/strong><a href=\"https:\/\/institutcamilli.fr\/\"><span style=\"font-family: Raleway;\"> www.institutcamilli.fr\u00a0<\/span><\/a><\/p>\n<p><span style=\"font-family: Raleway;\"> <\/div><\/div><\/div><\/span><\/p>\n<p><span style=\"font-family: Raleway;\"><div class=\"panel\"><div class=\"panel-heading\"><h3 class=\"panel-title\"><a class=\"accordion-toggle\" data-toggle=\"collapse\" data-parent=\"#accordion-0\" href=\"#collapse_5\" >Pour vous ressourcer<\/a><\/h3><\/div><div id=\"collapse_5\" class=\"panel-collapse collapse \"><div class=\"panel-body\"><\/span><\/p>\n<p>&nbsp;<\/p>\n<p><span style=\"font-family: Raleway;\"> <\/div><\/div><\/div><\/span><\/p>\n<p><span style=\"font-family: Raleway;\"><div class=\"panel\"><div class=\"panel-heading\"><h3 class=\"panel-title\"><a class=\"accordion-toggle\" data-toggle=\"collapse\" data-parent=\"#accordion-0\" href=\"#collapse_6\" >D'autres bonnes adresses<\/a><\/h3><\/div><div id=\"collapse_6\" class=\"panel-collapse collapse \"><div class=\"panel-body\"><\/span><\/p>\n<p><strong><span style=\"font-family: Raleway;\">*********<\/span><\/strong><\/p>\n<p>&nbsp;<\/p>\n<p>*********<\/p>\n<p><span style=\"font-family: Raleway;\"> <\/div><\/div><\/div><\/span><\/p>\n<p><span style=\"font-family: Raleway;\"><\/div><\/span><\/p>\n<\/div>\n<\/div><\/div><\/div><\/div><\/div>","protected":false},"excerpt":{"rendered":"<p>Quelques livres de r\u00e9f\u00e9rences ********* Sur les m\u00e9canismes du trauma et les processus de gu\u00e9rison Le corps n&rsquo;oublie rien de Bessel Von der Kolk R\u00e9veiller le Tigre de Peter A Levine Notre corps ne ment jamais de Alice Miller ********* Sur le processus th\u00e9rapeutique La fin de la plainte de Fran\u00e7ois Roustang &nbsp; Somatoth\u00e9rapeutes en [&hellip;]<\/p>\n","protected":false},"author":1,"featured_media":0,"parent":55,"menu_order":0,"comment_status":"closed","ping_status":"closed","template":"","meta":[],"yoast_head":"<!-- This site is optimized with the Yoast SEO plugin v15.6.2 - https:\/\/yoast.com\/wordpress\/plugins\/seo\/ -->\n<title>Emmanuelle Grama \u2013 Massage - Somatoth\u00e9rapie - Psychologue psycho-corporel - Liens<\/title>\n<meta name=\"description\" content=\"Th\u00e9rapeutes de l&#039;Espace bien-\u00eatre et sant\u00e9 \u2013 D\u00e9couvrez bient\u00f4t des parcours crois\u00e9s : Massage - Somatoth\u00e9rapie - Psychologu\" \/>\n<meta name=\"robots\" content=\"index, follow, max-snippet:-1, max-image-preview:large, max-video-preview:-1\" \/>\n<link rel=\"canonical\" href=\"https:\/\/emmanuellegrama.fr\/index.php\/home\/liens-et-references\/\" \/>\n<meta property=\"og:locale\" content=\"fr_FR\" \/>\n<meta property=\"og:type\" content=\"article\" \/>\n<meta property=\"og:title\" content=\"Emmanuelle Grama \u2013 Massage - Somatoth\u00e9rapie - Psychologue psycho-corporel - Liens\" \/>\n<meta property=\"og:description\" content=\"Th\u00e9rapeutes de l&#039;Espace bien-\u00eatre et sant\u00e9 \u2013 D\u00e9couvrez bient\u00f4t des parcours crois\u00e9s : Massage - Somatoth\u00e9rapie - Psychologu\" \/>\n<meta property=\"og:url\" content=\"https:\/\/emmanuellegrama.fr\/index.php\/home\/liens-et-references\/\" \/>\n<meta property=\"og:site_name\" content=\"Emmanuelle Grama\" \/>\n<meta property=\"article:publisher\" content=\"https:\/\/www.facebook.com\/emmanuellegramapsy\/\" \/>\n<meta property=\"article:modified_time\" content=\"2024-11-12T13:12:00+00:00\" \/>\n<meta name=\"twitter:card\" content=\"summary\" \/>\n<meta name=\"twitter:label1\" content=\"Dur\u00e9e de lecture est.\">\n\t<meta name=\"twitter:data1\" content=\"2 minutes\">\n<script type=\"application\/ld+json\" class=\"yoast-schema-graph\">{\"@context\":\"https:\/\/schema.org\",\"@graph\":[{\"@type\":\"WebSite\",\"@id\":\"https:\/\/emmanuellegrama.fr\/#website\",\"url\":\"https:\/\/emmanuellegrama.fr\/\",\"name\":\"Emmanuelle Grama\",\"description\":\"Psychologue EPP\",\"potentialAction\":[{\"@type\":\"SearchAction\",\"target\":\"https:\/\/emmanuellegrama.fr\/?s={search_term_string}\",\"query-input\":\"required name=search_term_string\"}],\"inLanguage\":\"fr-FR\"},{\"@type\":\"WebPage\",\"@id\":\"https:\/\/emmanuellegrama.fr\/index.php\/home\/liens-et-references\/#webpage\",\"url\":\"https:\/\/emmanuellegrama.fr\/index.php\/home\/liens-et-references\/\",\"name\":\"Emmanuelle Grama \\u2013 Massage - Somatoth\\u00e9rapie - Psychologue psycho-corporel - Liens\",\"isPartOf\":{\"@id\":\"https:\/\/emmanuellegrama.fr\/#website\"},\"datePublished\":\"2015-12-07T21:24:52+00:00\",\"dateModified\":\"2024-11-12T13:12:00+00:00\",\"description\":\"Th\\u00e9rapeutes de l'Espace bien-\\u00eatre et sant\\u00e9 \\u2013 D\\u00e9couvrez bient\\u00f4t des parcours crois\\u00e9s : Massage - Somatoth\\u00e9rapie - Psychologu\",\"inLanguage\":\"fr-FR\",\"potentialAction\":[{\"@type\":\"ReadAction\",\"target\":[\"https:\/\/emmanuellegrama.fr\/index.php\/home\/liens-et-references\/\"]}]}]}<\/script>\n<!-- \/ Yoast SEO plugin. -->","_links":{"self":[{"href":"https:\/\/emmanuellegrama.fr\/index.php\/wp-json\/wp\/v2\/pages\/2392"}],"collection":[{"href":"https:\/\/emmanuellegrama.fr\/index.php\/wp-json\/wp\/v2\/pages"}],"about":[{"href":"https:\/\/emmanuellegrama.fr\/index.php\/wp-json\/wp\/v2\/types\/page"}],"author":[{"embeddable":true,"href":"https:\/\/emmanuellegrama.fr\/index.php\/wp-json\/wp\/v2\/users\/1"}],"replies":[{"embeddable":true,"href":"https:\/\/emmanuellegrama.fr\/index.php\/wp-json\/wp\/v2\/comments?post=2392"}],"version-history":[{"count":167,"href":"https:\/\/emmanuellegrama.fr\/index.php\/wp-json\/wp\/v2\/pages\/2392\/revisions"}],"predecessor-version":[{"id":9144,"href":"https:\/\/emmanuellegrama.fr\/index.php\/wp-json\/wp\/v2\/pages\/2392\/revisions\/9144"}],"up":[{"embeddable":true,"href":"https:\/\/emmanuellegrama.fr\/index.php\/wp-json\/wp\/v2\/pages\/55"}],"wp:attachment":[{"href":"https:\/\/emmanuellegrama.fr\/index.php\/wp-json\/wp\/v2\/media?parent=2392"}],"curies":[{"name":"wp","href":"https:\/\/api.w.org\/{rel}","templated":true}]}}