{"id":7483,"date":"2015-11-25T21:38:30","date_gmt":"2015-11-25T21:38:30","guid":{"rendered":"http:\/\/export-xml.qreativethemes.com\/physio\/?page_id=2"},"modified":"2025-10-20T11:10:58","modified_gmt":"2025-10-20T09:10:58","slug":"mon-pacours","status":"publish","type":"page","link":"https:\/\/emmanuellegrama.fr\/index.php\/mon-pacours\/","title":{"rendered":"Mon parcours"},"content":{"rendered":"<div id=\"pl-7483\"  class=\"panel-layout\" ><div id=\"pg-7483-0\"  class=\"panel-grid panel-no-style\" ><div id=\"pgc-7483-0-0\"  class=\"panel-grid-cell\" ><div id=\"panel-7483-0-0-0\" class=\"so-panel widget widget_sow-editor panel-first-child\" data-index=\"0\" ><div\n\t\t\t\n\t\t\tclass=\"so-widget-sow-editor so-widget-sow-editor-base\"\n\t\t\t\n\t\t><h3 class=\"widget-title\">Psychologue dipl\u00f4m\u00e9e <\/h3>\n<div class=\"siteorigin-widget-tinymce textwidget\">\n\t<p>Dipl\u00f4m\u00e9e de l'<a href=\"http:\/\/www.psycho-prat.fr\/\">Ecole des Psychologues Praticiens,<\/a> <strong>je d\u00e9bute \u00a0professionnellement en entreprise<\/strong> o\u00f9 j'\u00e9tudie les comportements des consommateurs. Curieuse, l'\u00e9coute de chacun quelque soit le sujet m'int\u00e9resse. J'acquiers des connaissances dans plusieurs secteurs, m\u00e9dical, industriel, grande consommation et je fais l'exp\u00e9rience de la vie en entreprise.<\/p>\n<\/div>\n<\/div><\/div><div id=\"panel-7483-0-0-1\" class=\"so-panel widget widget_sow-editor panel-last-child\" data-index=\"1\" ><div\n\t\t\t\n\t\t\tclass=\"so-widget-sow-editor so-widget-sow-editor-base\"\n\t\t\t\n\t\t><h3 class=\"widget-title\">Ecouter au service de la cr\u00e9ativit\u00e9<\/h3>\n<div class=\"siteorigin-widget-tinymce textwidget\">\n\t<p>Je rejoins l<strong>e secteur associatif du spectacle vivant. Administratrice de production<\/strong> j'\u00e9coute le d\u00e9sir des artistes et j'accompagne la r\u00e9alisation concr\u00e8te de leur projet. J'aime l'ing\u00e9niosit\u00e9 n\u00e9cessaire pour que les r\u00eaves deviennent r\u00e9alit\u00e9.<\/p>\n<p>J'\u00e9coute le public au c\u0153ur des r\u00e9sidences de territoire et cr\u00e9ations participatives. J'aime ce travail sensible d'accompagnement, que chacun trouve sa place, se r\u00e9alise \u00e0 des endroits inattendus, se d\u00e9couvre encore et toujours \u2026<\/p>\n<p>Par ailleurs, je suis une psychanalyse puis une th\u00e9rapie psycho-corporelle par l'hypnose.<\/p>\n<p>Je chante et danse assidument.<\/p>\n<p>Mon esprit et mon corps se lib\u00e8rent au fur et \u00e0 mesure et je go\u00fbte avec bonheur l'autonomie, la cr\u00e9ativit\u00e9, la libert\u00e9 int\u00e9rieure.<\/p>\n<p>&nbsp;<\/p>\n<\/div>\n<\/div><\/div><\/div><div id=\"pgc-7483-0-1\"  class=\"panel-grid-cell\" ><div id=\"panel-7483-0-1-0\" class=\"so-panel widget widget_sow-editor panel-first-child\" data-index=\"2\" ><div\n\t\t\t\n\t\t\tclass=\"so-widget-sow-editor so-widget-sow-editor-base\"\n\t\t\t\n\t\t><h3 class=\"widget-title\">Accompagner et soigner<\/h3>\n<div class=\"siteorigin-widget-tinymce textwidget\">\n\t<p>Nourries de ces exp\u00e9riences, je choisis de me former pour devenir th\u00e9rapeute avec le Massage sensitif\u00ae et la Somatoth\u00e9rapie en m\u00e9thode Camilli\u00ae. En th\u00e9rapie, une approche int\u00e9grative me semble essentielle : comprendre ses ressentis, ses \u00e9motions, associer librement, laisser la parole donner du sens permettent \u00e0 chacun d'apaiser les tensions et de mieux se connaitre.<\/p>\n<p>Pour enrichir et penser ma pratique, je continue de me former r\u00e9guli\u00e8rement. <span style=\"font-size: 10px;\">Animer avec le The\u0301a\u0302tre Forum \/ <a href=\"https:\/\/vivevoix.com\/formations\/\">De Vive Voix formations<\/a> \/2025 - Me\u0301thodologie de l\u2019enseignement du Massage Sensitif \/ Institut Camilli \/ 2025 - Comprendre pour mieux accompagner la grande pre\u0301carite\u0301 \/<a href=\"https:\/\/www.epsilonmelia.com\/\"> Epsilon Melia<\/a> \/2024 - Communication non violente \/ <a href=\"https:\/\/astree-institut.fr\/\">Institut Astr\u00e9e<\/a> \/ 2023 - Massage du ventre en lien avec le cerveau \/ Institut Camilli \/ 2022 - Les fondamentaux de la relation d'aide \/ <a href=\"https:\/\/astree-institut.fr\/\">l'institut Astr\u00e9e<\/a> \/ 2020 - Ecoute corporelle d'un public fragilise\u0301 \/ avec <a href=\"http:\/\/www.gertrude-somatotherapeute.fr\">Gertrude Deschamps<\/a> Institut Camilli \/ 2019- Burn-out et souffrances au travail du personnel soignant \/ SPS - <a href=\"https:\/\/www.souffrance-et-travail.com\">Marie Pez\u00e9<\/a> \/ 2018 - Supervision de la pratique \u2013 me\u0301thode Balint \/ Institut Camilli \/ 2017<\/span><\/p>\n<div class=\"page\" title=\"Page 1\">\n<div class=\"section\">\n<div class=\"layoutArea\">\n<div class=\"column\">\n<p><span style=\"font-size: 10px;\">Body Mind Centering \u00ae stages <a href=\"https:\/\/www.lecorpspoeme.fr\">avec Caroline Arragain<\/a> \/ 2022 \u00e0 2025 \/ <\/span><span style=\"font-size: 10px;\">Le squelette : structure et clarte\u0301 \/ Les membranes du corps: espaces de transition et de reliance \/ Les organes : vitalite\u0301 et authenticite\u0301 \/ A\u0300 l\u2019origine du mouvement, une exploration des sche\u0300mes neuro- cellulaires fondamentaux \/ Un corps serein et engage\u0301, incorporer son syste\u0300me nerveux \/ Le toucher et le mouvement \/ L\u2019ancrage \/<\/span><\/p>\n<\/div>\n<\/div>\n<\/div>\n<\/div>\n<p>&nbsp;<\/p>\n<\/div>\n<\/div><\/div><div id=\"panel-7483-0-1-1\" class=\"so-panel widget widget_sow-editor panel-last-child\" data-index=\"3\" ><div\n\t\t\t\n\t\t\tclass=\"so-widget-sow-editor so-widget-sow-editor-base\"\n\t\t\t\n\t\t><h3 class=\"widget-title\">Former et analyser les pratiques<\/h3>\n<div class=\"siteorigin-widget-tinymce textwidget\">\n\t<p>Entre 2018 et 2021, j'interviens comme enseignante en psychologie aupr\u00e8s des \u00e9l\u00e8ves de l'Institut Dauphine d'Ost\u00e9opathie.<\/p>\n<p>En 2020, je rejoins l'institut Astr\u00e9e comme formatrice. J'interviens aupr\u00e8s de b\u00e9n\u00e9voles et de professionnels du secteur associatif (<em>Banques alimentaires, Habitats et Humanismes, SSVP, Services Civiques aupr\u00e8s des Seniors)<\/em> sur le th\u00e8me de la Relation d'aide selon les principes de l'Ecoute active, la gestion des \u00e9motions, l'accompagnement des deuils, le vieillissement.<\/p>\n<p>En 2025, je suis la formation Superviser et Analyser les Pratiques\u00a0 \u00e0 l<a href=\"https:\/\/arifts.fr\/se-preparer-se-former-pour-acquerir-une-certification\/entry-837-superviser-et-analyser-les-pratiques-dans-le-champ-social-et-medico-social-parcours-de-formation.html\">'ARIFTS pour <\/a> \u00eatre certifi\u00e9e et accompagner des \u00e9quipes.<\/p>\n<p>&nbsp;<\/p>\n<p>&nbsp;<\/p>\n<\/div>\n<\/div><\/div><\/div><div id=\"pgc-7483-0-2\"  class=\"panel-grid-cell\" ><div id=\"panel-7483-0-2-0\" class=\"so-panel widget widget_sow-editor panel-first-child panel-last-child\" data-index=\"4\" ><div\n\t\t\t\n\t\t\tclass=\"so-widget-sow-editor so-widget-sow-editor-base\"\n\t\t\t\n\t\t>\n<div class=\"siteorigin-widget-tinymce textwidget\">\n\t<p><img decoding=\"async\" loading=\"lazy\" class=\"alignnone wp-image-7863 size-full\" title=\"Psychologue, praticienne en Massage Sensitif de bien-\u00eatre\u00ae, somatoth\u00e9rapeute.\" src=\"https:\/\/emmanuellegrama.fr\/wp-content\/uploads\/2015\/11\/portrait-noir-et-blanc_04.jpg\" alt=\"EMMANUELLE GRAMA, Psychologue, praticienne en Massage Sensitif de bien-\u00eatre, somatoth\u00e9rapeute.\" width=\"360\" height=\"508\" srcset=\"https:\/\/emmanuellegrama.fr\/wp-content\/uploads\/2015\/11\/portrait-noir-et-blanc_04.jpg 360w, https:\/\/emmanuellegrama.fr\/wp-content\/uploads\/2015\/11\/portrait-noir-et-blanc_04-213x300.jpg 213w\" sizes=\"(max-width: 360px) 100vw, 360px\" \/><\/p>\n<p>\u00a0<\/p>\n<\/div>\n<\/div><\/div><\/div><\/div><div id=\"pg-7483-1\"  class=\"panel-grid panel-no-style\" ><div id=\"pgc-7483-1-0\"  class=\"panel-grid-cell\" ><div id=\"panel-7483-1-0-0\" class=\"so-panel widget widget_sow-editor panel-first-child panel-last-child\" data-index=\"5\" ><div\n\t\t\t\n\t\t\tclass=\"so-widget-sow-editor so-widget-sow-editor-base\"\n\t\t\t\n\t\t>\n<div class=\"siteorigin-widget-tinymce textwidget\">\n\t<h1><strong>L'\u00e9veil de chacun \u00e0 la pl\u00e9nitude de la vie, la libert\u00e9 et l'autonomie.<br \/>\n<\/strong><\/h1>\n<p>Ma pratique de th\u00e9rapeute dans mon cabinet me permet jour apr\u00e8s jour de voir les blessures qui s'apaisent, la confiance qui s'installe, l'\u00e9veil de chacun \u00e0 la pl\u00e9nitude de la vie.<\/p>\n<\/div>\n<\/div><\/div><\/div><\/div><\/div>","protected":false},"excerpt":{"rendered":"<p>Dipl\u00f4m\u00e9e de l&rsquo;Ecole des Psychologues Praticiens, je d\u00e9bute \u00a0professionnellement en entreprise o\u00f9 j&rsquo;\u00e9tudie les comportements des consommateurs. Curieuse, l&rsquo;\u00e9coute de chacun quelque soit le sujet m&rsquo;int\u00e9resse. J&rsquo;acquiers des connaissances dans plusieurs secteurs, m\u00e9dical, industriel, grande consommation et je fais l&rsquo;exp\u00e9rience de la vie en entreprise. Je rejoins le secteur associatif du spectacle vivant. Administratrice de [&hellip;]<\/p>\n","protected":false},"author":1,"featured_media":0,"parent":0,"menu_order":0,"comment_status":"closed","ping_status":"open","template":"","meta":[],"yoast_head":"<!-- This site is optimized with the Yoast SEO plugin v15.6.2 - https:\/\/yoast.com\/wordpress\/plugins\/seo\/ -->\n<title>Emmanuelle Grama \u2013 Massage - Somatoth\u00e9rapie - Psychologue - Parcours<\/title>\n<meta name=\"description\" content=\"EMMANUELLE GRAMA : parcours. Massage Sensitif et somatoth\u00e9rapie.\" \/>\n<meta name=\"robots\" content=\"index, follow, max-snippet:-1, max-image-preview:large, max-video-preview:-1\" \/>\n<link rel=\"canonical\" href=\"https:\/\/emmanuellegrama.fr\/index.php\/mon-pacours\/\" \/>\n<meta property=\"og:locale\" content=\"fr_FR\" \/>\n<meta property=\"og:type\" content=\"article\" \/>\n<meta property=\"og:title\" content=\"Emmanuelle Grama \u2013 Massage - Somatoth\u00e9rapie - Psychologue - Parcours\" \/>\n<meta property=\"og:description\" content=\"EMMANUELLE GRAMA : parcours. Massage Sensitif et somatoth\u00e9rapie.\" \/>\n<meta property=\"og:url\" content=\"https:\/\/emmanuellegrama.fr\/index.php\/mon-pacours\/\" \/>\n<meta property=\"og:site_name\" content=\"Emmanuelle Grama\" \/>\n<meta property=\"article:publisher\" content=\"https:\/\/www.facebook.com\/emmanuellegramapsy\/\" \/>\n<meta property=\"article:modified_time\" content=\"2025-10-20T09:10:58+00:00\" \/>\n<meta property=\"og:image\" content=\"https:\/\/emmanuellegrama.fr\/wp-content\/uploads\/2015\/11\/portrait-noir-et-blanc_04.jpg\" \/>\n<meta name=\"twitter:card\" content=\"summary\" \/>\n<meta name=\"twitter:label1\" content=\"Dur\u00e9e de lecture est.\">\n\t<meta name=\"twitter:data1\" content=\"2 minutes\">\n<script type=\"application\/ld+json\" class=\"yoast-schema-graph\">{\"@context\":\"https:\/\/schema.org\",\"@graph\":[{\"@type\":\"WebSite\",\"@id\":\"https:\/\/emmanuellegrama.fr\/#website\",\"url\":\"https:\/\/emmanuellegrama.fr\/\",\"name\":\"Emmanuelle Grama\",\"description\":\"Psychologue EPP\",\"potentialAction\":[{\"@type\":\"SearchAction\",\"target\":\"https:\/\/emmanuellegrama.fr\/?s={search_term_string}\",\"query-input\":\"required name=search_term_string\"}],\"inLanguage\":\"fr-FR\"},{\"@type\":\"ImageObject\",\"@id\":\"https:\/\/emmanuellegrama.fr\/index.php\/mon-pacours\/#primaryimage\",\"inLanguage\":\"fr-FR\",\"url\":\"https:\/\/emmanuellegrama.fr\/wp-content\/uploads\/2015\/11\/portrait-noir-et-blanc_04.jpg\",\"width\":360,\"height\":508},{\"@type\":\"WebPage\",\"@id\":\"https:\/\/emmanuellegrama.fr\/index.php\/mon-pacours\/#webpage\",\"url\":\"https:\/\/emmanuellegrama.fr\/index.php\/mon-pacours\/\",\"name\":\"Emmanuelle Grama \\u2013 Massage - Somatoth\\u00e9rapie - Psychologue - Parcours\",\"isPartOf\":{\"@id\":\"https:\/\/emmanuellegrama.fr\/#website\"},\"primaryImageOfPage\":{\"@id\":\"https:\/\/emmanuellegrama.fr\/index.php\/mon-pacours\/#primaryimage\"},\"datePublished\":\"2015-11-25T21:38:30+00:00\",\"dateModified\":\"2025-10-20T09:10:58+00:00\",\"description\":\"EMMANUELLE GRAMA : parcours. Massage Sensitif et somatoth\\u00e9rapie.\",\"inLanguage\":\"fr-FR\",\"potentialAction\":[{\"@type\":\"ReadAction\",\"target\":[\"https:\/\/emmanuellegrama.fr\/index.php\/mon-pacours\/\"]}]}]}<\/script>\n<!-- \/ Yoast SEO plugin. -->","_links":{"self":[{"href":"https:\/\/emmanuellegrama.fr\/index.php\/wp-json\/wp\/v2\/pages\/7483"}],"collection":[{"href":"https:\/\/emmanuellegrama.fr\/index.php\/wp-json\/wp\/v2\/pages"}],"about":[{"href":"https:\/\/emmanuellegrama.fr\/index.php\/wp-json\/wp\/v2\/types\/page"}],"author":[{"embeddable":true,"href":"https:\/\/emmanuellegrama.fr\/index.php\/wp-json\/wp\/v2\/users\/1"}],"replies":[{"embeddable":true,"href":"https:\/\/emmanuellegrama.fr\/index.php\/wp-json\/wp\/v2\/comments?post=7483"}],"version-history":[{"count":112,"href":"https:\/\/emmanuellegrama.fr\/index.php\/wp-json\/wp\/v2\/pages\/7483\/revisions"}],"predecessor-version":[{"id":8929,"href":"https:\/\/emmanuellegrama.fr\/index.php\/wp-json\/wp\/v2\/pages\/7483\/revisions\/8929"}],"wp:attachment":[{"href":"https:\/\/emmanuellegrama.fr\/index.php\/wp-json\/wp\/v2\/media?parent=7483"}],"curies":[{"name":"wp","href":"https:\/\/api.w.org\/{rel}","templated":true}]}}